{"id":168,"date":"2022-11-04T07:14:34","date_gmt":"2022-11-04T07:14:34","guid":{"rendered":"https:\/\/urc.trubox.ca\/?page_id=168"},"modified":"2022-12-18T22:18:02","modified_gmt":"2022-12-18T22:18:02","slug":"about-us","status":"publish","type":"page","link":"https:\/\/urc.trubox.ca\/?page_id=168","title":{"rendered":"About Us"},"content":{"rendered":"\n<div class=\"wp-block-group alignfull has-background\" style=\"background-color:#171717\"><div class=\"wp-block-group__inner-container is-layout-flow wp-block-group-is-layout-flow\">\n<h2 class=\"has-text-align-center has-text-color has-custom-font wp-block-heading\" style=\"color:#ffffff;font-size:64px;font-family:Roboto\">About Us<\/h2>\n\n\n<nav class=\"has-text-color has-buttons-text-color is-responsive items-justified-center wp-block-navigation is-content-justification-center is-layout-flex wp-container-core-navigation-is-layout-1 wp-block-navigation-is-layout-flex\" aria-label=\"Nav Menu main\" \n\t\t data-wp-interactive=\"core\/navigation\" data-wp-context='{\"overlayOpenedBy\":{\"click\":false,\"hover\":false,\"focus\":false},\"type\":\"overlay\",\"roleAttribute\":\"\",\"ariaLabel\":\"Menu\"}'><button aria-haspopup=\"dialog\" aria-label=\"Open menu\" class=\"wp-block-navigation__responsive-container-open \" \n\t\t\t\tdata-wp-on-async--click=\"actions.openMenuOnClick\"\n\t\t\t\tdata-wp-on--keydown=\"actions.handleMenuKeydown\"\n\t\t\t><svg width=\"24\" height=\"24\" xmlns=\"http:\/\/www.w3.org\/2000\/svg\" viewBox=\"0 0 24 24\" aria-hidden=\"true\" focusable=\"false\"><rect x=\"4\" y=\"7.5\" width=\"16\" height=\"1.5\" \/><rect x=\"4\" y=\"15\" width=\"16\" height=\"1.5\" \/><\/svg><\/button>\n\t\t\t\t<div class=\"wp-block-navigation__responsive-container  \"  id=\"modal-1\" \n\t\t\t\tdata-wp-class--has-modal-open=\"state.isMenuOpen\"\n\t\t\t\tdata-wp-class--is-menu-open=\"state.isMenuOpen\"\n\t\t\t\tdata-wp-watch=\"callbacks.initMenu\"\n\t\t\t\tdata-wp-on--keydown=\"actions.handleMenuKeydown\"\n\t\t\t\tdata-wp-on-async--focusout=\"actions.handleMenuFocusout\"\n\t\t\t\ttabindex=\"-1\"\n\t\t\t>\n\t\t\t\t\t<div class=\"wp-block-navigation__responsive-close\" tabindex=\"-1\">\n\t\t\t\t\t\t<div class=\"wp-block-navigation__responsive-dialog\" \n\t\t\t\tdata-wp-bind--aria-modal=\"state.ariaModal\"\n\t\t\t\tdata-wp-bind--aria-label=\"state.ariaLabel\"\n\t\t\t\tdata-wp-bind--role=\"state.roleAttribute\"\n\t\t\t>\n\t\t\t\t\t\t\t<button aria-label=\"Close menu\" class=\"wp-block-navigation__responsive-container-close\" \n\t\t\t\tdata-wp-on-async--click=\"actions.closeMenuOnClick\"\n\t\t\t><svg xmlns=\"http:\/\/www.w3.org\/2000\/svg\" viewBox=\"0 0 24 24\" width=\"24\" height=\"24\" aria-hidden=\"true\" focusable=\"false\"><path d=\"m13.06 12 6.47-6.47-1.06-1.06L12 10.94 5.53 4.47 4.47 5.53 10.94 12l-6.47 6.47 1.06 1.06L12 13.06l6.47 6.47 1.06-1.06L13.06 12Z\"><\/path><\/svg><\/button>\n\t\t\t\t\t\t\t<div class=\"wp-block-navigation__responsive-container-content\" \n\t\t\t\tdata-wp-watch=\"callbacks.focusFirstElement\"\n\t\t\t id=\"modal-1-content\">\n\t\t\t\t\t\t\t\t<ul class=\"wp-block-navigation__container has-text-color has-buttons-text-color is-responsive items-justified-center wp-block-navigation\"><li class=\" wp-block-navigation-item wp-block-navigation-link\"><a class=\"wp-block-navigation-item__content\"  href=\"https:\/\/urc.trubox.ca\/\"><span class=\"wp-block-navigation-item__label\">Home<\/span><\/a><\/li><li class=\" wp-block-navigation-item wp-block-navigation-link\"><a class=\"wp-block-navigation-item__content\"  href=\"https:\/\/urc.trubox.ca\/?page_id=166\"><span class=\"wp-block-navigation-item__label\">Posters<\/span><\/a><\/li><li class=\" wp-block-navigation-item wp-block-navigation-link\"><a class=\"wp-block-navigation-item__content\"  href=\"https:\/\/urc.trubox.ca\/?page_id=168\"><span class=\"wp-block-navigation-item__label\">About Us<\/span><\/a><\/li><\/ul><ul class=\"wp-block-navigation__container has-text-color has-buttons-text-color is-responsive items-justified-center wp-block-navigation\"><li class=\" wp-block-navigation-item wp-block-navigation-link\"><a class=\"wp-block-navigation-item__content\"  href=\"https:\/\/inside.tru.ca\/events\/event\/tru-undergraduate-research-innovation-conference\/\"><span class=\"wp-block-navigation-item__label\">Register<\/span><\/a><\/li><\/ul>\n\t\t\t\t\t\t\t<\/div>\n\t\t\t\t\t\t<\/div>\n\t\t\t\t\t<\/div>\n\t\t\t\t<\/div><\/nav><\/div><\/div>\n\n\n\n<div class=\"wp-block-uagb-container uagb-block-b48648cf alignfull uagb-is-root-container\"><div class=\"uagb-container-inner-blocks-wrap\">\n<div class=\"wp-block-uagb-container uagb-block-d4b114da\">\n<div class=\"wp-block-uagb-image uagb-block-8c9dd4e4 wp-block-uagb-image--layout-default wp-block-uagb-image--effect-zoomin wp-block-uagb-image--align-center\"><figure class=\"wp-block-uagb-image__figure\"><img decoding=\"async\" src=\"https:\/\/urc.trubox.ca\/wp-content\/uploads\/sites\/1933\/2022\/10\/cropped-Convocation-1024x683.jpg\" alt=\"\" class=\"uag-image-11\" width=\"1024\" height=\"683\" title=\"\" loading=\"lazy\" \/><\/figure><\/div>\n<\/div>\n\n\n\n<div class=\"wp-block-uagb-container uagb-block-d77f7350\">\n<div class=\"wp-block-uagb-info-box uagb-block-2197cb97 uagb-infobox__content-wrap  uagb-infobox-icon-above-title uagb-infobox-image-valign-top\"><div class=\"uagb-ifb-content\"><div class=\"uagb-ifb-title-wrap\"><h2 class=\"uagb-ifb-title\">ABOUT US<\/h2><\/div><p class=\"uagb-ifb-desc\">Thompson Rivers University adopted its Vision Statement in spring of 2020 following an extensive consultation, Envision TRU, held throughout the region. The statement \u2014 consisting of Vision, Mission, Values and Strategic Change Goals \u2014 sets out the university\u2019s guiding map for the next decade.<br>The focal point of the statement is the Secw\u00e9pemc word Kw\u2019seltktn\u00e9ws, which means we are all related and interconnected with nature, each other and all things. That interconnection was an integral part of the consultation and is at the heart of TRU\u2019s path forward.<br>To strengthen and honour relationships with Indigenous communities served by TRU, President and Vice-Chancellor Brett Fairbairn sought to have the statement translated into Secwepemcts\u00edn, the language of the Secw\u00e9pemc People upon whose unceded territory the university is located.<br>A group of Secw\u00e9pemc Elders from the region gave their time and knowledge to translate the Vision Statement into written and spoken words you find below. veniam, quis nostrud.<\/p><\/div><\/div>\n<\/div>\n<\/div><\/div>\n\n\n<style>#kt-layout-id_3b4de2-3e > .kt-row-column-wrap{align-content:start;}:where(#kt-layout-id_3b4de2-3e > .kt-row-column-wrap) > .wp-block-kadence-column{justify-content:start;}#kt-layout-id_3b4de2-3e > .kt-row-column-wrap{column-gap:var(--global-kb-gap-md, 2rem);row-gap:var(--global-kb-gap-md, 2rem);padding-top:var( --global-kb-row-default-top, 25px );padding-bottom:var( --global-kb-row-default-bottom, 25px );padding-top:0px;padding-bottom:0px;grid-template-columns:minmax(0, 1fr);}#kt-layout-id_3b4de2-3e{background-color:#003e51;}#kt-layout-id_3b4de2-3e > .kt-row-layout-overlay{opacity:0.30;}#kt-layout-id_3b4de2-3e .kt-row-layout-bottom-sep{height:100px;}#kt-layout-id_3b4de2-3e .kt-row-layout-bottom-sep svg{width:100%;}#kt-layout-id_3b4de2-3e .kt-row-layout-bottom-sep svg{fill:#ffffff!important;}@media all and (max-width: 1024px){#kt-layout-id_3b4de2-3e > .kt-row-column-wrap{grid-template-columns:minmax(0, 1fr);}}@media all and (max-width: 1024px){#kt-layout-id_3b4de2-3e .kt-row-layout-bottom-sep{height:px;}}@media all and (max-width: 1024px){#kt-layout-id_3b4de2-3e .kt-row-layout-bottom-sep svg{width:%;}}@media all and (max-width: 767px){#kt-layout-id_3b4de2-3e > .kt-row-column-wrap{grid-template-columns:minmax(0, 1fr);}#kt-layout-id_3b4de2-3e .kt-row-layout-bottom-sep{height:px;}#kt-layout-id_3b4de2-3e .kt-row-layout-bottom-sep svg{width:%;}}<\/style>\n<div class=\"wp-block-kadence-rowlayout alignfull\"><div id=\"kt-layout-id_3b4de2-3e\" class=\"kt-row-layout-inner kt-row-has-bg kt-layout-id_3b4de2-3e\"><div class=\"kt-row-column-wrap kt-has-1-columns kt-gutter-default kt-v-gutter-default kt-row-valign-top kt-row-layout-equal kt-tab-layout-inherit kt-m-colapse-left-to-right kt-mobile-layout-row\"><style>.kadence-column_4ef92e-97 > .kt-inside-inner-col{padding-bottom:0em;padding-left:0em;padding-right:0em;}.kadence-column_4ef92e-97 > .kt-inside-inner-col{border-top-width:0px;border-right-width:0px;border-bottom-width:0px;border-left-width:0px;}.kadence-column_4ef92e-97 > .kt-inside-inner-col,.kadence-column_4ef92e-97 > .kt-inside-inner-col:before{border-top-left-radius:0px;border-top-right-radius:0px;border-bottom-right-radius:0px;border-bottom-left-radius:0px;}.kadence-column_4ef92e-97 > .kt-inside-inner-col{column-gap:var(--global-kb-gap-sm, 1rem);}.kadence-column_4ef92e-97 > .kt-inside-inner-col{flex-direction:column;}.kadence-column_4ef92e-97 > .kt-inside-inner-col > .aligncenter{width:100%;}.kadence-column_4ef92e-97 > .kt-inside-inner-col:before{opacity:0.3;}.kadence-column_4ef92e-97{text-align:center;}.kadence-column_4ef92e-97{position:relative;}@media all and (max-width: 1024px){.kadence-column_4ef92e-97 > .kt-inside-inner-col{flex-direction:column;justify-content:center;}}@media all and (max-width: 767px){.kadence-column_4ef92e-97 > .kt-inside-inner-col{flex-direction:column;justify-content:center;}}<\/style>\n<div class=\"wp-block-kadence-column inner-column-1 kadence-column_4ef92e-97\"><div class=\"kt-inside-inner-col\"><style>#kt-layout-id_0e9fad-36 > .kt-row-column-wrap{align-content:start;}:where(#kt-layout-id_0e9fad-36 > .kt-row-column-wrap) > .wp-block-kadence-column{justify-content:start;}#kt-layout-id_0e9fad-36 > .kt-row-column-wrap{column-gap:20px;row-gap:var(--global-kb-gap-md, 2rem);padding-top:var( --global-kb-row-default-top, 25px );padding-bottom:var( --global-kb-row-default-bottom, 25px );padding-right:50px;grid-template-columns:minmax(0, calc(33.7% - ((20px * 1 )\/2)))minmax(0, calc(66.3% - ((20px * 1 )\/2)));}#kt-layout-id_0e9fad-36 > .kt-row-layout-overlay{opacity:0.30;}@media all and (max-width: 1024px){#kt-layout-id_0e9fad-36 > .kt-row-column-wrap{grid-template-columns:minmax(0, 1fr) minmax(0, 2fr);}}@media all and (max-width: 767px){#kt-layout-id_0e9fad-36 > .kt-row-column-wrap{grid-template-columns:minmax(0, 1fr);}}<\/style>\n<div class=\"wp-block-kadence-rowlayout alignfull\"><div id=\"kt-layout-id_0e9fad-36\" class=\"kt-row-layout-inner kt-layout-id_0e9fad-36\"><div class=\"kt-row-column-wrap kt-has-2-columns kt-gutter-narrow kt-v-gutter-default kt-row-valign-top kt-row-layout-right-golden kt-tab-layout-inherit kt-m-colapse-left-to-right kt-mobile-layout-row  kt-custom-first-width-33.7  kt-custom-second-width-66.3\"><style>.kadence-column_2213a1-c2 > .kt-inside-inner-col{display:flex;}.kadence-column_2213a1-c2 > .kt-inside-inner-col{border-top-width:0px;border-right-width:0px;border-bottom-width:0px;border-left-width:0px;}.kadence-column_2213a1-c2 > .kt-inside-inner-col,.kadence-column_2213a1-c2 > .kt-inside-inner-col:before{border-top-left-radius:0px;border-top-right-radius:0px;border-bottom-right-radius:0px;border-bottom-left-radius:0px;}.kadence-column_2213a1-c2 > .kt-inside-inner-col{column-gap:var(--global-kb-gap-sm, 1rem);}.kadence-column_2213a1-c2 > .kt-inside-inner-col{flex-direction:column;justify-content:flex-start;}.kadence-column_2213a1-c2 > .kt-inside-inner-col > .aligncenter{width:100%;}.kt-row-column-wrap > .kadence-column_2213a1-c2{align-self:flex-start;}.kt-inner-column-height-full:not(.kt-has-1-columns) > .wp-block-kadence-column.kadence-column_2213a1-c2{align-self:auto;}.kt-inner-column-height-full:not(.kt-has-1-columns) > .wp-block-kadence-column.kadence-column_2213a1-c2 > .kt-inside-inner-col{flex-direction:column;justify-content:flex-start;}.kadence-column_2213a1-c2 > .kt-inside-inner-col:before{opacity:0.3;}.kadence-column_2213a1-c2{position:relative;}@media all and (max-width: 1024px){.kt-row-column-wrap > .kadence-column_2213a1-c2{align-self:flex-start;}}@media all and (max-width: 1024px){.kt-inner-column-height-full:not(.kt-has-1-columns) > .wp-block-kadence-column.kadence-column_2213a1-c2{align-self:auto;}}@media all and (max-width: 1024px){.kt-inner-column-height-full:not(.kt-has-1-columns) > .wp-block-kadence-column.kadence-column_2213a1-c2 > .kt-inside-inner-col{flex-direction:column;justify-content:flex-start;}}@media all and (max-width: 1024px){.kadence-column_2213a1-c2 > .kt-inside-inner-col{flex-direction:column;justify-content:flex-start;}}@media all and (max-width: 767px){.kt-row-column-wrap > .kadence-column_2213a1-c2{align-self:flex-start;}.kt-inner-column-height-full:not(.kt-has-1-columns) > .wp-block-kadence-column.kadence-column_2213a1-c2{align-self:auto;}.kt-inner-column-height-full:not(.kt-has-1-columns) > .wp-block-kadence-column.kadence-column_2213a1-c2 > .kt-inside-inner-col{flex-direction:column;justify-content:flex-start;}.kadence-column_2213a1-c2 > .kt-inside-inner-col{flex-direction:column;justify-content:flex-start;}}<\/style>\n<div class=\"wp-block-kadence-column inner-column-1 kadence-column_2213a1-c2\"><div class=\"kt-inside-inner-col\">\n<div class=\"wp-block-image\"><figure class=\"aligncenter size-medium\"><img loading=\"lazy\" decoding=\"async\" width=\"300\" height=\"175\" src=\"https:\/\/urc.trubox.ca\/wp-content\/uploads\/sites\/1933\/2022\/11\/TRU_Logo_Left_RGB-reversed37477-300x175.png\" alt=\"\" class=\"wp-image-1618\" srcset=\"https:\/\/urc.trubox.ca\/wp-content\/uploads\/sites\/1933\/2022\/11\/TRU_Logo_Left_RGB-reversed37477-300x175.png 300w, https:\/\/urc.trubox.ca\/wp-content\/uploads\/sites\/1933\/2022\/11\/TRU_Logo_Left_RGB-reversed37477-768x448.png 768w, https:\/\/urc.trubox.ca\/wp-content\/uploads\/sites\/1933\/2022\/11\/TRU_Logo_Left_RGB-reversed37477-540x315.png 540w, https:\/\/urc.trubox.ca\/wp-content\/uploads\/sites\/1933\/2022\/11\/TRU_Logo_Left_RGB-reversed37477.png 982w\" sizes=\"auto, (max-width: 300px) 100vw, 300px\" \/><\/figure><\/div>\n<\/div><\/div>\n\n\n<style>.kadence-column_727741-41 > .kt-inside-inner-col{display:flex;}.kadence-column_727741-41 > .kt-inside-inner-col{border-top-width:0px;border-right-width:0px;border-bottom-width:0px;border-left-width:0px;}.kadence-column_727741-41 > .kt-inside-inner-col,.kadence-column_727741-41 > .kt-inside-inner-col:before{border-top-left-radius:0px;border-top-right-radius:0px;border-bottom-right-radius:0px;border-bottom-left-radius:0px;}.kadence-column_727741-41 > .kt-inside-inner-col{column-gap:var(--global-kb-gap-sm, 1rem);}.kadence-column_727741-41 > .kt-inside-inner-col{flex-direction:column;justify-content:center;}.kadence-column_727741-41 > .kt-inside-inner-col > .aligncenter{width:100%;}.kt-row-column-wrap > .kadence-column_727741-41{align-self:center;}.kt-inner-column-height-full:not(.kt-has-1-columns) > .wp-block-kadence-column.kadence-column_727741-41{align-self:auto;}.kt-inner-column-height-full:not(.kt-has-1-columns) > .wp-block-kadence-column.kadence-column_727741-41 > .kt-inside-inner-col{flex-direction:column;justify-content:center;}.kadence-column_727741-41 > .kt-inside-inner-col:before{opacity:0.3;}.kadence-column_727741-41{position:relative;}@media all and (max-width: 1024px){.kt-row-column-wrap > .kadence-column_727741-41{align-self:center;}}@media all and (max-width: 1024px){.kt-inner-column-height-full:not(.kt-has-1-columns) > .wp-block-kadence-column.kadence-column_727741-41{align-self:auto;}}@media all and (max-width: 1024px){.kt-inner-column-height-full:not(.kt-has-1-columns) > .wp-block-kadence-column.kadence-column_727741-41 > .kt-inside-inner-col{flex-direction:column;justify-content:center;}}@media all and (max-width: 1024px){.kadence-column_727741-41 > .kt-inside-inner-col{flex-direction:column;justify-content:center;}}@media all and (max-width: 767px){.kt-row-column-wrap > .kadence-column_727741-41{align-self:center;}.kt-inner-column-height-full:not(.kt-has-1-columns) > .wp-block-kadence-column.kadence-column_727741-41{align-self:auto;}.kt-inner-column-height-full:not(.kt-has-1-columns) > .wp-block-kadence-column.kadence-column_727741-41 > .kt-inside-inner-col{flex-direction:column;justify-content:center;}.kadence-column_727741-41 > .kt-inside-inner-col{flex-direction:column;justify-content:center;}}<\/style>\n<div class=\"wp-block-kadence-column inner-column-2 kadence-column_727741-41\"><div class=\"kt-inside-inner-col\"><style>.wp-block-kadence-advancedheading.kt-adv-heading_a71ddc-b8, .wp-block-kadence-advancedheading.kt-adv-heading_a71ddc-b8[data-kb-block=\"kb-adv-heading_a71ddc-b8\"]{text-align:center;font-weight:400;font-style:normal;font-family:'Roboto Slab';}.wp-block-kadence-advancedheading.kt-adv-heading_a71ddc-b8 mark.kt-highlight, .wp-block-kadence-advancedheading.kt-adv-heading_a71ddc-b8[data-kb-block=\"kb-adv-heading_a71ddc-b8\"] mark.kt-highlight{font-style:normal;color:#f76a0c;-webkit-box-decoration-break:clone;box-decoration-break:clone;padding-top:0px;padding-right:0px;padding-bottom:0px;padding-left:0px;}<\/style>\n<h4 class=\"kt-adv-heading_a71ddc-b8 wp-block-kadence-advancedheading has-buttons-text-color has-text-color\" data-kb-block=\"kb-adv-heading_a71ddc-b8\"><em>Thompson Rivers University campuses are on the traditional lands of the Tk&#8217;eml\u00faps te Secw\u00e9pemc (Kamloops campus) and the T\u2019exelc (Williams Lake campus) within Secwepemc\u00falucw, the traditional and unceded territory of the Secw\u00e9pemc. The region TRU serves also extends into the territories of the St\u2019\u00e1t\u2019imc, Nlaka\u2019pamux, Nuxalk, T\u015dilhqot&#8217;in, Dakelh, and Syilx peoples.<\/em><\/h4>\n<\/div><\/div>\n<\/div><\/div><\/div>\n<\/div><\/div>\n<\/div><\/div><\/div>\n","protected":false},"excerpt":{"rendered":"<p>About Us Thompson Rivers University campuses are on the traditional lands of the Tk&#8217;eml\u00faps te Secw\u00e9pemc (Kamloops campus) and the T\u2019exelc (Williams Lake campus) within Secwepemc\u00falucw, the traditional&hellip;<\/p>\n","protected":false},"author":1890,"featured_media":0,"parent":0,"menu_order":0,"comment_status":"closed","ping_status":"closed","template":"template-full-width-only-content.php","meta":{"footnotes":""},"categories":[],"tags":[],"class_list":["post-168","page","type-page","status-publish","has-post-thumbnail","hentry"],"_links":{"self":[{"href":"https:\/\/urc.trubox.ca\/index.php?rest_route=\/wp\/v2\/pages\/168","targetHints":{"allow":["GET"]}}],"collection":[{"href":"https:\/\/urc.trubox.ca\/index.php?rest_route=\/wp\/v2\/pages"}],"about":[{"href":"https:\/\/urc.trubox.ca\/index.php?rest_route=\/wp\/v2\/types\/page"}],"author":[{"embeddable":true,"href":"https:\/\/urc.trubox.ca\/index.php?rest_route=\/wp\/v2\/users\/1890"}],"replies":[{"embeddable":true,"href":"https:\/\/urc.trubox.ca\/index.php?rest_route=%2Fwp%2Fv2%2Fcomments&post=168"}],"version-history":[{"count":0,"href":"https:\/\/urc.trubox.ca\/index.php?rest_route=\/wp\/v2\/pages\/168\/revisions"}],"wp:attachment":[{"href":"https:\/\/urc.trubox.ca\/index.php?rest_route=%2Fwp%2Fv2%2Fmedia&parent=168"}],"wp:term":[{"taxonomy":"category","embeddable":true,"href":"https:\/\/urc.trubox.ca\/index.php?rest_route=%2Fwp%2Fv2%2Fcategories&post=168"},{"taxonomy":"post_tag","embeddable":true,"href":"https:\/\/urc.trubox.ca\/index.php?rest_route=%2Fwp%2Fv2%2Ftags&post=168"}],"curies":[{"name":"wp","href":"https:\/\/api.w.org\/{rel}","templated":true}]}}